{"id":267,"date":"2017-07-05T19:00:17","date_gmt":"2017-07-05T17:00:17","guid":{"rendered":"https:\/\/uebersicht.b-nk.at\/pflanzenbauwerke\/?page_id=267"},"modified":"2025-03-24T10:11:06","modified_gmt":"2025-03-24T09:11:06","slug":"impressum","status":"publish","type":"page","link":"https:\/\/pflanzenbauwerke.b-nk.at\/index.php\/impressum\/","title":{"rendered":"Impressum"},"content":{"rendered":"\n<h4 class=\"wp-block-heading\">Informationspflicht laut \u00a75 E-Commerce Gesetz, \u00a714 Unternehmensgesetzbuch bzw. \u00a763 Gewerbeordnung und Offenlegungspflicht laut \u00a725 Mediengesetz.<\/h4>\n\n\n\n<h3 class=\"wp-block-heading\">B-NK GmbH<\/h3>\n\n\n\n<h4 class=\"wp-block-heading\">Firmendaten laut Gewerbedatenbank<\/h4>\n\n\n\n<p>Firmenname: B-NK GmbH<br>Firmenbuchnummer: 391008m<br>Firmengericht: Handelsgericht Wien<\/p>\n\n\n\n<p>Zus\u00e4tzliche erweiterte Firmendaten<br>Gesch\u00e4ftsbezeichnung: B\u00fcro f\u00fcr nachhaltige Kompetenz<br>Adresse: Diepoldplatz 6\/18, 1170 Wien<br>Rechtsform: GmbH<\/p>\n\n\n\n<h4 class=\"wp-block-heading\">Sonstige Informationen nach \u00a714 UGB<\/h4>\n\n\n\n<p>Gewerberechtliche Gesch\u00e4ftsf\u00fchrerin: Dipl.-Ing.in Dr.in Bente Knoll<br>Telefon: <a href=\"tel:+4319908996\">+43 1 9908996<\/a><br>Mobiltelefon: <a href=\"tel:+436766461015\">+43 676 6461015<\/a><br>E-Mail:&nbsp;<a href=\"mailto:office@b-nk.at\">office@b-nk.at<\/a><br>Web: <a href=\"https:\/\/www.b-nk.at\" target=\"_blank\" rel=\"noreferrer noopener\">https:\/\/www.b-nk.at<\/a><\/p>\n\n\n\n<p>Anwendbare Rechtsvorschriften: keine besonderen<br>Weitere Aufsichtsbeh\u00f6rde (gem. ECG): Magistratisches Bezirksamt des XVII. Bezirkes<br>UID-Nummer: ATU67746308<br>BIC: BAWAATWW<br>IBAN: AT66 1400 0272 1003 9142<\/p>\n\n\n\n<h4 class=\"wp-block-heading\">Offenlegung nach Mediengesetz<\/h4>\n\n\n\n<p>Medieninhaber:&nbsp;B-NK GmbH<br>Firmensitz (Ort der Hauptniederlassung): Wien<\/p>\n\n\n\n<p>Unternehmensgegenstand:<br>1) Landschaftsplanung, -architektur<br>2) Verkehrsplanung, Mobilit\u00e4tsforschung und -beratung<br>3) Unternehmens- und Organisationsberatung<br>4) Forschung und Lehre, Seminar- und Vortragst\u00e4tigkeit<br>5) Kommunikations- und Strategieberatung, Prozessentwicklung und -begleitung<\/p>\n\n\n\n<h4 class=\"wp-block-heading\">Berechtigungen<\/h4>\n\n\n\n<p>FG Ingenieurb\u00fcros<br>Ingenieurb\u00fcros (Beratende Ingenieure) auf dem Fachgebiet Verkehrswesen und Verkehrswirtschaft<br>Gewerberechtliche Gesch\u00e4ftsf\u00fchrung: Dipl.-Ing.in Dr.in Bente Knoll<br>GISA-Zahl: 25913613<\/p>\n\n\n\n<p>FG Ingenieurb\u00fcros<br>Technische B\u00fcros &#8211; Ingenieurb\u00fcros (Beratende Ingenieure) auf dem Fachgebiet der Landschaftsplanung und Landschaftspflege<br>Gewerberechtliche Gesch\u00e4ftsf\u00fchrung: Dipl.-Ing.in Dr.in Bente Knoll<br>GISA-Zahl: 24776660<\/p>\n\n\n\n<p>FG Unternehmensberatung, Buchhaltung und Informationstechn.<br>Unternehmensberatung einschlie\u00dflich der Unternehmensorganisation<br>Gewerberechtliche Gesch\u00e4ftsf\u00fchrung: Dipl.-Ing.in Dr.in Bente Knoll<br>GISA-Zahl: 24669894<\/p>\n\n\n\n<p>Etwaige spezielle berufsrechtliche Vorschriften finden Sie auf der Website der Fachgruppe bzw. im Rechtsinformationssystem des Bundes&nbsp;<a href=\"https:\/\/www.ris.bka.gv.at\" target=\"_blank\" rel=\"noreferrer noopener\">https:\/\/www.ris.bka.gv.at<\/a><\/p>\n\n\n\n<h4 class=\"wp-block-heading\">Kontaktdaten der Verantwortlichen f\u00fcr Datenschutz<\/h4>\n\n\n\n<p>Sollten Sie Fragen zum Datenschutz haben, finden Sie nachfolgend die Kontaktdaten der verantwortlichen Person bzw. Stelle:<br>Dipl.-Ing.in Dr.in Bente Knoll<br><a href=\"mailto:datenschutz@b-nk.at\">datenschutz@b-nk.at<\/a><br><a href=\"tel:+4319908996\">+43 1 9908996<\/a><\/p>\n\n\n\n<h3 class=\"wp-block-heading\">EU-Streitschlichtung<\/h3>\n\n\n\n<p>Verbraucher:innen haben die M\u00f6glichkeit, Beschwerden an die Online-Streitbeilegungsplattform der EU zu richten: <a href=\"https:\/\/www.ec.europa.eu\/consumers\/odr\/\" target=\"_blank\" rel=\"noreferrer noopener\">https:\/\/www.ec.europa.eu\/consumers\/odr\/<\/a><\/p>\n\n\n\n<p>Wir m\u00f6chten Sie jedoch darauf hinweisen, dass wir nicht verpflichtet sind, an Streitbeilegungsverfahren vor einer Verbraucherschlichtungsstelle teilzunehmen.<\/p>\n\n\n\n<h3 class=\"wp-block-heading\">Haftung f\u00fcr Inhalte dieser Website<\/h3>\n\n\n\n<p>Wir entwickeln die Inhalte dieser Webseite st\u00e4ndig weiter und bem\u00fchen uns korrekte und aktuelle Informationen bereitzustellen. Leider k\u00f6nnen wir keine Haftung f\u00fcr die Korrektheit aller Inhalte auf dieser Webseite \u00fcbernehmen. Sollten Ihnen problematische oder rechtswidrige Inhalte auffallen, bitte wir Sie uns umgehend zu kontaktieren, damit wir die rechtswidrigen Inhalte entfernen k\u00f6nnen. Sie finden die Kontaktdaten im Impressum.<\/p>\n\n\n\n<h3 class=\"wp-block-heading\">Haftung f\u00fcr Links auf dieser Webseite<\/h3>\n\n\n\n<p>Unsere Webseite enth\u00e4lt Links zu anderen Webseiten f\u00fcr deren Inhalt und Aktualit\u00e4t wir nicht verantwortlich sind und keine Haftung \u00fcbernehmen. Wenn Ihnen rechtswidrige Links auf unserer Webseite auffallen, bitte wir Sie uns zu kontaktieren. Sie finden die Kontaktdaten im Impressum.<\/p>\n\n\n\n<h3 class=\"wp-block-heading\">Urheberrechtshinweis<\/h3>\n\n\n\n<p>Alle Inhalte dieser Webseite (Bilder, Fotos, Texte, Videos) unterliegen dem Urheberrecht und sind urheberrechtlich gesch\u00fctzt. Bitte fragen Sie uns bevor Sie die Inhalte dieser Webseite verbreiten, vervielf\u00e4ltigen oder verwerten wie zum Beispiel auf anderen Webseiten erneut ver\u00f6ffentlichen. Falls notwendig, werden wir die unerlaubte Nutzung von Teilen der Inhalte unserer Seite rechtlich verfolgen. Sollten Sie auf dieser Webseite Inhalte finden, die das Urheberrecht verletzen, bitten wir Sie uns zu kontaktieren.<\/p>\n\n\n\n<h3 class=\"wp-block-heading\">Bildernachweis<\/h3>\n\n\n\n<p>Die Bilder, Fotos und Grafiken auf dieser Webseite sind urheberrechtlich gesch\u00fctzt. Die Rechte liegen, wenn nicht anders angegeben, bei B-NK GmbH bzw. Dipl.-Ing.in Dr.in Bente Knoll.<\/p>\n","protected":false},"excerpt":{"rendered":"<p>Informationspflicht laut \u00a75 E-Commerce Gesetz, \u00a714 Unternehmensgesetzbuch bzw. \u00a763 Gewerbeordnung und Offenlegungspflicht laut \u00a725 Mediengesetz. B-NK GmbH Firmendaten laut Gewerbedatenbank Firmenname: B-NK GmbHFirmenbuchnummer: 391008mFirmengericht: Handelsgericht Wien Zus\u00e4tzliche erweiterte FirmendatenGesch\u00e4ftsbezeichnung: B\u00fcro f\u00fcr nachhaltige KompetenzAdresse: Diepoldplatz 6\/18, 1170 WienRechtsform: GmbH Sonstige Informationen nach \u00a714 UGB Gewerberechtliche Gesch\u00e4ftsf\u00fchrerin: Dipl.-Ing.in Dr.in Bente KnollTelefon: +43 1 9908996Mobiltelefon: +43 676 6461015E-Mail:&nbsp;office@b-nk.atWeb: &hellip; <\/p>\n<p class=\"link-more\"><a href=\"https:\/\/pflanzenbauwerke.b-nk.at\/index.php\/impressum\/\" class=\"more-link\"><span class=\"screen-reader-text\">\u201eImpressum\u201c <\/span>weiterlesen<\/a><\/p>\n","protected":false},"author":3,"featured_media":0,"parent":0,"menu_order":0,"comment_status":"closed","ping_status":"closed","template":"","meta":{"footnotes":""},"class_list":["post-267","page","type-page","status-publish","hentry"],"_links":{"self":[{"href":"https:\/\/pflanzenbauwerke.b-nk.at\/index.php\/wp-json\/wp\/v2\/pages\/267","targetHints":{"allow":["GET"]}}],"collection":[{"href":"https:\/\/pflanzenbauwerke.b-nk.at\/index.php\/wp-json\/wp\/v2\/pages"}],"about":[{"href":"https:\/\/pflanzenbauwerke.b-nk.at\/index.php\/wp-json\/wp\/v2\/types\/page"}],"author":[{"embeddable":true,"href":"https:\/\/pflanzenbauwerke.b-nk.at\/index.php\/wp-json\/wp\/v2\/users\/3"}],"replies":[{"embeddable":true,"href":"https:\/\/pflanzenbauwerke.b-nk.at\/index.php\/wp-json\/wp\/v2\/comments?post=267"}],"version-history":[{"count":7,"href":"https:\/\/pflanzenbauwerke.b-nk.at\/index.php\/wp-json\/wp\/v2\/pages\/267\/revisions"}],"predecessor-version":[{"id":466,"href":"https:\/\/pflanzenbauwerke.b-nk.at\/index.php\/wp-json\/wp\/v2\/pages\/267\/revisions\/466"}],"wp:attachment":[{"href":"https:\/\/pflanzenbauwerke.b-nk.at\/index.php\/wp-json\/wp\/v2\/media?parent=267"}],"curies":[{"name":"wp","href":"https:\/\/api.w.org\/{rel}","templated":true}]}}