{"id":39,"date":"2017-06-25T22:20:36","date_gmt":"2017-06-25T20:20:36","guid":{"rendered":"https:\/\/uebersicht.b-nk.at\/pflanzenbauwerke\/?page_id=39"},"modified":"2019-01-29T16:03:29","modified_gmt":"2019-01-29T15:03:29","slug":"startseite","status":"publish","type":"page","link":"https:\/\/pflanzenbauwerke.b-nk.at\/","title":{"rendered":"Startseite"},"content":{"rendered":"<p>Willkommen auf unserer Website!<\/p>\n<p>Das Projekt <strong>PFLANZEN.BAU.WERKE.<\/strong> thematisiert den Einsatz lebender Pflanzen als Material f\u00fcr technische Bauweisen in der Landschaft im Rahmen des Arbeitsfeldes der Ingenieurbiologie an verschiedenen Schulen und Kinderg\u00e4rten in Wien und Nieder\u00f6sterreich.<\/p>\n<p>Durch das Projekt soll Kindern und Jugendlichen die naturwissenschaftlich-technische Disziplin der Ingenieurbiologie \u2013 sowohl im Schulumfeld als auch in Naturr\u00e4umen (H\u00e4nge, B\u00f6schungen und Flie\u00dfgew\u00e4ssern) \u2013 n\u00e4her gebracht und deren Begeisterung f\u00fcr das Berufsfeld \u00a0Ingenieurbiologie, Vegetationstechnik und Landschaftsbau geweckt werden.<\/p>\n<div id=\"OKAYFREEDOM_INJECTED\" style=\"display: none;\"><\/div>\n<p><script src=\"moz-extension:\/\/b32a63cb-eaad-41d6-bf04-62eb1367c660\/web\/libs\/ciuvo-addon-sdk.min.js\" async=\"\"><\/script><\/p>\n","protected":false},"excerpt":{"rendered":"<p>Willkommen auf unserer Website! Das Projekt PFLANZEN.BAU.WERKE. thematisiert den Einsatz lebender Pflanzen als Material f\u00fcr technische Bauweisen in der Landschaft im Rahmen des Arbeitsfeldes der Ingenieurbiologie an verschiedenen Schulen und Kinderg\u00e4rten in Wien und Nieder\u00f6sterreich. Durch das Projekt soll Kindern und Jugendlichen die naturwissenschaftlich-technische Disziplin der Ingenieurbiologie \u2013 sowohl im Schulumfeld als auch in Naturr\u00e4umen &hellip; <\/p>\n<p class=\"link-more\"><a href=\"https:\/\/pflanzenbauwerke.b-nk.at\/\" class=\"more-link\"><span class=\"screen-reader-text\">\u201eStartseite\u201c <\/span>weiterlesen<\/a><\/p>\n","protected":false},"author":3,"featured_media":0,"parent":0,"menu_order":0,"comment_status":"closed","ping_status":"closed","template":"","meta":{"footnotes":""},"class_list":["post-39","page","type-page","status-publish","hentry"],"_links":{"self":[{"href":"https:\/\/pflanzenbauwerke.b-nk.at\/index.php\/wp-json\/wp\/v2\/pages\/39","targetHints":{"allow":["GET"]}}],"collection":[{"href":"https:\/\/pflanzenbauwerke.b-nk.at\/index.php\/wp-json\/wp\/v2\/pages"}],"about":[{"href":"https:\/\/pflanzenbauwerke.b-nk.at\/index.php\/wp-json\/wp\/v2\/types\/page"}],"author":[{"embeddable":true,"href":"https:\/\/pflanzenbauwerke.b-nk.at\/index.php\/wp-json\/wp\/v2\/users\/3"}],"replies":[{"embeddable":true,"href":"https:\/\/pflanzenbauwerke.b-nk.at\/index.php\/wp-json\/wp\/v2\/comments?post=39"}],"version-history":[{"count":4,"href":"https:\/\/pflanzenbauwerke.b-nk.at\/index.php\/wp-json\/wp\/v2\/pages\/39\/revisions"}],"predecessor-version":[{"id":393,"href":"https:\/\/pflanzenbauwerke.b-nk.at\/index.php\/wp-json\/wp\/v2\/pages\/39\/revisions\/393"}],"wp:attachment":[{"href":"https:\/\/pflanzenbauwerke.b-nk.at\/index.php\/wp-json\/wp\/v2\/media?parent=39"}],"curies":[{"name":"wp","href":"https:\/\/api.w.org\/{rel}","templated":true}]}}